{"id":488,"date":"2019-09-12T09:01:24","date_gmt":"2019-09-12T07:01:24","guid":{"rendered":"https:\/\/www.trafo-filtertechnik.de\/impressum\/"},"modified":"2025-07-24T14:52:52","modified_gmt":"2025-07-24T12:52:52","slug":"imprint","status":"publish","type":"page","link":"https:\/\/www.trafo-filtertechnik.de\/en\/imprint\/","title":{"rendered":"Imprint"},"content":{"rendered":"<p>[et_pb_section fb_built=&#8221;1&#8243; admin_label=&#8221;Services&#8221; _builder_version=&#8221;4.16&#8243; background_color=&#8221;#ffffff&#8221; custom_padding=&#8221;54px|0px|0|0px|false|false&#8221; global_colors_info=&#8221;{}&#8221;][et_pb_row _builder_version=&#8221;4.16&#8243; global_colors_info=&#8221;{}&#8221;][et_pb_column type=&#8221;4_4&#8243; _builder_version=&#8221;4.16&#8243; global_colors_info=&#8221;{}&#8221;][et_pb_image src=&#8221;https:\/\/www.trafo-filtertechnik.de\/wp-content\/uploads\/2019\/11\/electrician_04-1.png&#8221; _builder_version=&#8221;4.16&#8243; custom_margin=&#8221;||4px|&#8221; animation_style=&#8221;fold&#8221; animation_direction=&#8221;top&#8221; always_center_on_mobile=&#8221;off&#8221; locked=&#8221;off&#8221; global_colors_info=&#8221;{}&#8221;][\/et_pb_image][et_pb_text _builder_version=&#8221;4.16&#8243; text_font=&#8221;||||||||&#8221; header_font=&#8221;||||||||&#8221; header_2_font=&#8221;|300|||||||&#8221; header_2_text_color=&#8221;#1961ac&#8221; header_2_font_size=&#8221;40px&#8221; header_2_line_height=&#8221;1.4em&#8221; background_layout=&#8221;dark&#8221; header_2_font_size_tablet=&#8221;30px&#8221; header_2_font_size_phone=&#8221;25px&#8221; header_2_font_size_last_edited=&#8221;on|phone&#8221; locked=&#8221;off&#8221; global_colors_info=&#8221;{}&#8221;]<\/p>\n<h2>Site Notice<br \/>\n<strong>Seifert Transformatorentechnik<\/strong><\/h2>\n<p>[\/et_pb_text][\/et_pb_column][\/et_pb_row][et_pb_row use_custom_gutter=&#8221;on&#8221; _builder_version=&#8221;4.16&#8243; global_colors_info=&#8221;{}&#8221;][et_pb_column type=&#8221;4_4&#8243; _builder_version=&#8221;4.16&#8243; global_colors_info=&#8221;{}&#8221;][et_pb_text _builder_version=&#8221;4.25.1&#8243; text_font=&#8221;||||||||&#8221; header_font=&#8221;||||||||&#8221; header_2_font=&#8221;|300|||||||&#8221; header_2_text_color=&#8221;#1961ac&#8221; header_2_font_size=&#8221;40px&#8221; header_2_line_height=&#8221;1.4em&#8221; header_3_font=&#8221;|600|||||||&#8221; header_3_text_color=&#8221;#1a61ac&#8221; header_3_font_size=&#8221;16px&#8221; header_2_font_size_tablet=&#8221;30px&#8221; header_2_font_size_phone=&#8221;25px&#8221; header_2_font_size_last_edited=&#8221;on|phone&#8221; locked=&#8221;off&#8221; global_colors_info=&#8221;{}&#8221;]<\/p>\n<h2>Information pursuant to \u00a7 5 DDG<\/h2>\n<p>Ines Seifert<br \/>Lerchenstr. 62a<br \/>45134 Essen<\/p>\n<h2>Contact<\/h2>\n<p>Phone: + 49 (0) 201 &#8211; 175 46 13<br \/>Telefax: + 49 (0) 201 &#8211; 102 69 02-0<br \/>E-mail: info@trafo-filtertechnik.de<\/p>\n<p>[\/et_pb_text][\/et_pb_column][\/et_pb_row][et_pb_row module_id=&#8221;oilsample&#8221; _builder_version=&#8221;4.16&#8243; module_alignment=&#8221;center&#8221; custom_padding=&#8221;80px||80px||false|false&#8221; global_colors_info=&#8221;{}&#8221;][et_pb_column type=&#8221;4_4&#8243; _builder_version=&#8221;4.16&#8243; global_colors_info=&#8221;{}&#8221;][et_pb_divider divider_position=&#8221;center&#8221; divider_weight=&#8221;2px&#8221; _builder_version=&#8221;4.16&#8243; width=&#8221;150px&#8221; module_alignment=&#8221;center&#8221; global_colors_info=&#8221;{}&#8221;][\/et_pb_divider][\/et_pb_column][\/et_pb_row][\/et_pb_section]<\/p>\n","protected":false},"excerpt":{"rendered":"<p>Site Notice Seifert TransformatorentechnikInformation pursuant to \u00a7 5 DDG Ines SeifertLerchenstr. 62a45134 Essen Contact Phone: + 49 (0) 201 &#8211; 175 46 13Telefax: + 49 (0) 201 &#8211; 102 69 02-0E-mail: info@trafo-filtertechnik.de<\/p>\n","protected":false},"author":1,"featured_media":0,"parent":0,"menu_order":0,"comment_status":"closed","ping_status":"open","template":"","meta":{"_et_pb_use_builder":"on","_et_pb_old_content":"<!-- wp:paragraph -->\r\n<p>Dies ist eine Beispiel-Seite. Sie unterscheidet sich von Beitr\u00e4gen, da sie stets an derselben Stelle bleibt und (bei den meisten Themes) in der Website-Navigation angezeigt wird. Die meisten starten mit einem Impressum, der Datenschutzerkl\u00e4rung oder einer \u201e\u00dcber uns\u201c-Seite, um sich potenziellen Besuchern der Website vorzustellen. Dort k\u00f6nnte zum Beispiel stehen:<\/p>\r\n<!-- \/wp:paragraph --><!-- wp:quote -->\r\n<blockquote class=\"wp-block-quote\">\r\n<p>Hallo! Tags\u00fcber arbeite ich als Fahrradkurier, nachts bin ich ein aufstrebender Schauspieler und dies hier ist meine Website. Ich lebe in Berlin, habe einen gro\u00dfen Hund namens Jack, mag Pi\u00f1a Coladas, jedoch weniger (ohne Schirm) im Regen stehen gelassen zu werden.<\/p>\r\n<\/blockquote>\r\n<!-- \/wp:quote --><!-- wp:paragraph -->\r\n<p>...oder so etwas wie das hier:<\/p>\r\n<!-- \/wp:paragraph --><!-- wp:quote -->\r\n<blockquote class=\"wp-block-quote\">\r\n<p>Das Unternehmen XYZ wurde 1971 gegr\u00fcndet und versorgt die \u00d6ffentlichkeit seither mit qualitativ hochwertigen Produkten. An seinem Standort in einer kleinen Gro\u00dfstadt besch\u00e4ftigt der Betrieb \u00fcber 2.000 Menschen und unterst\u00fctzt die Stadtbewohner in vielfacher Hinsicht.<\/p>\r\n<\/blockquote>\r\n<!-- \/wp:quote --><!-- wp:paragraph -->\r\n<p>Als neuer WordPress-Benutzer solltest du <a href=\"https:\/\/www.trafo-filtertechnik.de\/wp-admin\/\">dein Dashboard<\/a> aufrufen, um diese Seite zu l\u00f6schen und neue Seiten und Beitr\u00e4ge f\u00fcr deine Website erstellen. Viel Spa\u00df!<\/p>\r\n<!-- \/wp:paragraph -->","_et_gb_content_width":"","footnotes":""},"class_list":["post-488","page","type-page","status-publish","hentry"],"yoast_head":"<!-- This site is optimized with the Yoast SEO plugin v27.6 - https:\/\/yoast.com\/product\/yoast-seo-wordpress\/ -->\n<title>Imprint - Seifert Transformatorentechnik<\/title>\n<meta name=\"robots\" content=\"index, follow, max-snippet:-1, max-image-preview:large, max-video-preview:-1\" \/>\n<link rel=\"canonical\" href=\"https:\/\/www.trafo-filtertechnik.de\/en\/imprint\/\" \/>\n<meta property=\"og:locale\" content=\"en_US\" \/>\n<meta property=\"og:type\" content=\"article\" \/>\n<meta property=\"og:title\" content=\"Imprint - Seifert Transformatorentechnik\" \/>\n<meta property=\"og:description\" content=\"Site Notice Seifert TransformatorentechnikInformation pursuant to \u00a7 5 DDG Ines SeifertLerchenstr. 62a45134 Essen Contact Phone: + 49 (0) 201 - 175 46 13Telefax: + 49 (0) 201 - 102 69 02-0E-mail: info@trafo-filtertechnik.de\" \/>\n<meta property=\"og:url\" content=\"https:\/\/www.trafo-filtertechnik.de\/en\/imprint\/\" \/>\n<meta property=\"og:site_name\" content=\"Seifert Transformatorentechnik\" \/>\n<meta property=\"article:modified_time\" content=\"2025-07-24T12:52:52+00:00\" \/>\n<meta name=\"twitter:card\" content=\"summary_large_image\" \/>\n<meta name=\"twitter:label1\" content=\"Est. reading time\" \/>\n\t<meta name=\"twitter:data1\" content=\"2 minutes\" \/>\n<script type=\"application\/ld+json\" class=\"yoast-schema-graph\">{\"@context\":\"https:\\\/\\\/schema.org\",\"@graph\":[{\"@type\":\"WebPage\",\"@id\":\"https:\\\/\\\/www.trafo-filtertechnik.de\\\/en\\\/imprint\\\/\",\"url\":\"https:\\\/\\\/www.trafo-filtertechnik.de\\\/en\\\/imprint\\\/\",\"name\":\"Imprint - Seifert Transformatorentechnik\",\"isPartOf\":{\"@id\":\"https:\\\/\\\/www.trafo-filtertechnik.de\\\/en\\\/#website\"},\"datePublished\":\"2019-09-12T07:01:24+00:00\",\"dateModified\":\"2025-07-24T12:52:52+00:00\",\"breadcrumb\":{\"@id\":\"https:\\\/\\\/www.trafo-filtertechnik.de\\\/en\\\/imprint\\\/#breadcrumb\"},\"inLanguage\":\"en-US\",\"potentialAction\":[{\"@type\":\"ReadAction\",\"target\":[\"https:\\\/\\\/www.trafo-filtertechnik.de\\\/en\\\/imprint\\\/\"]}]},{\"@type\":\"BreadcrumbList\",\"@id\":\"https:\\\/\\\/www.trafo-filtertechnik.de\\\/en\\\/imprint\\\/#breadcrumb\",\"itemListElement\":[{\"@type\":\"ListItem\",\"position\":1,\"name\":\"Startseite\",\"item\":\"https:\\\/\\\/www.trafo-filtertechnik.de\\\/en\\\/\"},{\"@type\":\"ListItem\",\"position\":2,\"name\":\"Imprint\"}]},{\"@type\":\"WebSite\",\"@id\":\"https:\\\/\\\/www.trafo-filtertechnik.de\\\/en\\\/#website\",\"url\":\"https:\\\/\\\/www.trafo-filtertechnik.de\\\/en\\\/\",\"name\":\"Seifert Transformatorentechnik\",\"description\":\"Wartung &amp; Service - \u00d6laufbereitung\",\"potentialAction\":[{\"@type\":\"SearchAction\",\"target\":{\"@type\":\"EntryPoint\",\"urlTemplate\":\"https:\\\/\\\/www.trafo-filtertechnik.de\\\/en\\\/?s={search_term_string}\"},\"query-input\":{\"@type\":\"PropertyValueSpecification\",\"valueRequired\":true,\"valueName\":\"search_term_string\"}}],\"inLanguage\":\"en-US\"}]}<\/script>\n<!-- \/ Yoast SEO plugin. -->","yoast_head_json":{"title":"Imprint - Seifert Transformatorentechnik","robots":{"index":"index","follow":"follow","max-snippet":"max-snippet:-1","max-image-preview":"max-image-preview:large","max-video-preview":"max-video-preview:-1"},"canonical":"https:\/\/www.trafo-filtertechnik.de\/en\/imprint\/","og_locale":"en_US","og_type":"article","og_title":"Imprint - Seifert Transformatorentechnik","og_description":"Site Notice Seifert TransformatorentechnikInformation pursuant to \u00a7 5 DDG Ines SeifertLerchenstr. 62a45134 Essen Contact Phone: + 49 (0) 201 - 175 46 13Telefax: + 49 (0) 201 - 102 69 02-0E-mail: info@trafo-filtertechnik.de","og_url":"https:\/\/www.trafo-filtertechnik.de\/en\/imprint\/","og_site_name":"Seifert Transformatorentechnik","article_modified_time":"2025-07-24T12:52:52+00:00","twitter_card":"summary_large_image","twitter_misc":{"Est. reading time":"2 minutes"},"schema":{"@context":"https:\/\/schema.org","@graph":[{"@type":"WebPage","@id":"https:\/\/www.trafo-filtertechnik.de\/en\/imprint\/","url":"https:\/\/www.trafo-filtertechnik.de\/en\/imprint\/","name":"Imprint - Seifert Transformatorentechnik","isPartOf":{"@id":"https:\/\/www.trafo-filtertechnik.de\/en\/#website"},"datePublished":"2019-09-12T07:01:24+00:00","dateModified":"2025-07-24T12:52:52+00:00","breadcrumb":{"@id":"https:\/\/www.trafo-filtertechnik.de\/en\/imprint\/#breadcrumb"},"inLanguage":"en-US","potentialAction":[{"@type":"ReadAction","target":["https:\/\/www.trafo-filtertechnik.de\/en\/imprint\/"]}]},{"@type":"BreadcrumbList","@id":"https:\/\/www.trafo-filtertechnik.de\/en\/imprint\/#breadcrumb","itemListElement":[{"@type":"ListItem","position":1,"name":"Startseite","item":"https:\/\/www.trafo-filtertechnik.de\/en\/"},{"@type":"ListItem","position":2,"name":"Imprint"}]},{"@type":"WebSite","@id":"https:\/\/www.trafo-filtertechnik.de\/en\/#website","url":"https:\/\/www.trafo-filtertechnik.de\/en\/","name":"Seifert Transformatorentechnik","description":"Wartung &amp; Service - \u00d6laufbereitung","potentialAction":[{"@type":"SearchAction","target":{"@type":"EntryPoint","urlTemplate":"https:\/\/www.trafo-filtertechnik.de\/en\/?s={search_term_string}"},"query-input":{"@type":"PropertyValueSpecification","valueRequired":true,"valueName":"search_term_string"}}],"inLanguage":"en-US"}]}},"_links":{"self":[{"href":"https:\/\/www.trafo-filtertechnik.de\/en\/wp-json\/wp\/v2\/pages\/488","targetHints":{"allow":["GET"]}}],"collection":[{"href":"https:\/\/www.trafo-filtertechnik.de\/en\/wp-json\/wp\/v2\/pages"}],"about":[{"href":"https:\/\/www.trafo-filtertechnik.de\/en\/wp-json\/wp\/v2\/types\/page"}],"author":[{"embeddable":true,"href":"https:\/\/www.trafo-filtertechnik.de\/en\/wp-json\/wp\/v2\/users\/1"}],"replies":[{"embeddable":true,"href":"https:\/\/www.trafo-filtertechnik.de\/en\/wp-json\/wp\/v2\/comments?post=488"}],"version-history":[{"count":6,"href":"https:\/\/www.trafo-filtertechnik.de\/en\/wp-json\/wp\/v2\/pages\/488\/revisions"}],"predecessor-version":[{"id":660,"href":"https:\/\/www.trafo-filtertechnik.de\/en\/wp-json\/wp\/v2\/pages\/488\/revisions\/660"}],"wp:attachment":[{"href":"https:\/\/www.trafo-filtertechnik.de\/en\/wp-json\/wp\/v2\/media?parent=488"}],"curies":[{"name":"wp","href":"https:\/\/api.w.org\/{rel}","templated":true}]}}